{"id":23,"date":"2023-10-14T18:10:51","date_gmt":"2023-10-14T18:10:51","guid":{"rendered":"http:\/\/irgendwasmitfarben.de\/?page_id=23"},"modified":"2025-09-07T15:14:15","modified_gmt":"2025-09-07T15:14:15","slug":"raeume","status":"publish","type":"page","link":"https:\/\/irgendwasmitfarben.de\/?page_id=23","title":{"rendered":"Malerei"},"content":{"rendered":"\t\t<div data-elementor-type=\"wp-page\" data-elementor-id=\"23\" class=\"elementor elementor-23\">\n\t\t\t\t<div class=\"elementor-element elementor-element-45bba44a e-flex e-con-boxed e-con e-parent\" data-id=\"45bba44a\" data-element_type=\"container\">\n\t\t\t\t\t<div class=\"e-con-inner\">\n\t\t\t\t<div class=\"elementor-element elementor-element-3709cfa3 elementor-widget elementor-widget-text-editor\" data-id=\"3709cfa3\" data-element_type=\"widget\" data-widget_type=\"text-editor.default\">\n\t\t\t\t<div class=\"elementor-widget-container\">\n\t\t\t\t\t\t\t\t\t<p><\/p><h2 class=\"wp-block-heading\">Malen mit Acrylfarben<\/h2><p><\/p><p><\/p><p>Malen mit Acrylfaben ist einfacher in der Verarbeitung als Malen mit \u00d6lfarben. Der Vor- oder jeweils Nachteil ist, dass sie z\u00fcgig trocknen. Daf\u00fcr sind sie mit Wasser verd\u00fcnnbar.<\/p><p><\/p><p><\/p><h2 class=\"wp-block-heading\">Mix-Techniken<\/h2><p><\/p><p><\/p><p>Acrylfarben lassen sich gut mit Acrylsp\u00fchfarben mischen. Ebenfalls Pastellkreise kann man nach dem Trocknen gut einarbeiten.<\/p><figure class=\"wp-block-gallery has-nested-images columns-default is-cropped\"><p><\/p><\/figure><p><!-- \/wp:gallery --><\/p>\t\t\t\t\t\t\t\t<\/div>\n\t\t\t\t<\/div>\n\t\t\t\t\t<\/div>\n\t\t\t\t<\/div>\n\t\t<div class=\"elementor-element elementor-element-49c6ab7e e-flex e-con-boxed e-con e-parent\" data-id=\"49c6ab7e\" data-element_type=\"container\">\n\t\t\t\t\t<div class=\"e-con-inner\">\n\t\t\t\t<div class=\"elementor-element elementor-element-39508987 elementor-widget elementor-widget-image-gallery\" data-id=\"39508987\" data-element_type=\"widget\" data-widget_type=\"image-gallery.default\">\n\t\t\t\t<div class=\"elementor-widget-container\">\n\t\t\t\t\t\t\t<div class=\"elementor-image-gallery\">\n\t\t\t<div id='gallery-1' class='czr-gallery row flex-row czr-gallery-style gallery galleryid-23 gallery-columns-4 gallery-size-medium'><figure class='gallery-item col col-auto'>\r\n                        <div class='gallery-icon landscape czr-gallery-icon'>\r\n                              <a data-lb-type=\"grouped-gallery\" href=https:\/\/irgendwasmitfarben.de\/wp-content\/uploads\/2025\/09\/wildbeauty.jpg class=\"bg-link\"><\/a><img fetchpriority=\"high\" width=\"300\" height=\"205\" src=\"https:\/\/irgendwasmitfarben.de\/wp-content\/uploads\/2025\/09\/wildbeauty-300x205.jpg\" class=\"attachment-medium size-medium\" alt=\"\" decoding=\"async\" sizes=\"(min-width: 1200px) 255px, (min-width: 992px) 210px, (min-width: 768px) 150px, (min-width: 576px) 105px, calc( 50vw - 30px )\" srcset=\"https:\/\/irgendwasmitfarben.de\/wp-content\/uploads\/2025\/09\/wildbeauty-300x205.jpg 300w, https:\/\/irgendwasmitfarben.de\/wp-content\/uploads\/2025\/09\/wildbeauty-1024x700.jpg 1024w, https:\/\/irgendwasmitfarben.de\/wp-content\/uploads\/2025\/09\/wildbeauty-768x525.jpg 768w, https:\/\/irgendwasmitfarben.de\/wp-content\/uploads\/2025\/09\/wildbeauty-1536x1050.jpg 1536w, https:\/\/irgendwasmitfarben.de\/wp-content\/uploads\/2025\/09\/wildbeauty-2048x1400.jpg 2048w, https:\/\/irgendwasmitfarben.de\/wp-content\/uploads\/2025\/09\/wildbeauty-570x390.jpg 570w\" \/>\r\n                        <\/div><\/figure><figure class='gallery-item col col-auto'>\r\n                        <div class='gallery-icon portrait czr-gallery-icon'>\r\n                              <a data-lb-type=\"grouped-gallery\" href=https:\/\/irgendwasmitfarben.de\/wp-content\/uploads\/2025\/09\/selfcare.jpg class=\"bg-link\"><\/a><img width=\"210\" height=\"300\" src=\"https:\/\/irgendwasmitfarben.de\/wp-content\/uploads\/2025\/09\/selfcare-210x300.jpg\" class=\"attachment-medium size-medium\" alt=\"\" decoding=\"async\" sizes=\"(min-width: 1200px) 255px, (min-width: 992px) 210px, (min-width: 768px) 150px, (min-width: 576px) 105px, calc( 50vw - 30px )\" srcset=\"https:\/\/irgendwasmitfarben.de\/wp-content\/uploads\/2025\/09\/selfcare-210x300.jpg 210w, https:\/\/irgendwasmitfarben.de\/wp-content\/uploads\/2025\/09\/selfcare-717x1024.jpg 717w, https:\/\/irgendwasmitfarben.de\/wp-content\/uploads\/2025\/09\/selfcare-768x1097.jpg 768w, https:\/\/irgendwasmitfarben.de\/wp-content\/uploads\/2025\/09\/selfcare-1076x1536.jpg 1076w, https:\/\/irgendwasmitfarben.de\/wp-content\/uploads\/2025\/09\/selfcare-1434x2048.jpg 1434w, https:\/\/irgendwasmitfarben.de\/wp-content\/uploads\/2025\/09\/selfcare-570x814.jpg 570w, https:\/\/irgendwasmitfarben.de\/wp-content\/uploads\/2025\/09\/selfcare.jpg 1500w\" \/>\r\n                        <\/div><\/figure><figure class='gallery-item col col-auto'>\r\n                        <div class='gallery-icon portrait czr-gallery-icon'>\r\n                              <a data-lb-type=\"grouped-gallery\" href=https:\/\/irgendwasmitfarben.de\/wp-content\/uploads\/2025\/09\/drips.jpg class=\"bg-link\"><\/a><img width=\"223\" height=\"300\" src=\"https:\/\/irgendwasmitfarben.de\/wp-content\/uploads\/2025\/09\/drips-223x300.jpg\" class=\"attachment-medium size-medium\" alt=\"\" decoding=\"async\" sizes=\"(min-width: 1200px) 255px, (min-width: 992px) 210px, (min-width: 768px) 150px, (min-width: 576px) 105px, calc( 50vw - 30px )\" srcset=\"https:\/\/irgendwasmitfarben.de\/wp-content\/uploads\/2025\/09\/drips-223x300.jpg 223w, https:\/\/irgendwasmitfarben.de\/wp-content\/uploads\/2025\/09\/drips-761x1024.jpg 761w, https:\/\/irgendwasmitfarben.de\/wp-content\/uploads\/2025\/09\/drips-768x1033.jpg 768w, https:\/\/irgendwasmitfarben.de\/wp-content\/uploads\/2025\/09\/drips-570x767.jpg 570w, https:\/\/irgendwasmitfarben.de\/wp-content\/uploads\/2025\/09\/drips.jpg 1115w\" \/>\r\n                        <\/div><\/figure><figure class='gallery-item col col-auto'>\r\n                        <div class='gallery-icon portrait czr-gallery-icon'>\r\n                              <a data-lb-type=\"grouped-gallery\" href=https:\/\/irgendwasmitfarben.de\/wp-content\/uploads\/2023\/10\/IMG_8355-1.jpg class=\"bg-link\"><\/a><img loading=\"lazy\" width=\"150\" height=\"300\" src=\"https:\/\/irgendwasmitfarben.de\/wp-content\/uploads\/2023\/10\/IMG_8355-1-150x300.jpg\" class=\"attachment-medium size-medium\" alt=\"\" decoding=\"async\" sizes=\"(min-width: 1200px) 255px, (min-width: 992px) 210px, (min-width: 768px) 150px, (min-width: 576px) 105px, calc( 50vw - 30px )\" srcset=\"https:\/\/irgendwasmitfarben.de\/wp-content\/uploads\/2023\/10\/IMG_8355-1-150x300.jpg 150w, https:\/\/irgendwasmitfarben.de\/wp-content\/uploads\/2023\/10\/IMG_8355-1-513x1024.jpg 513w, https:\/\/irgendwasmitfarben.de\/wp-content\/uploads\/2023\/10\/IMG_8355-1.jpg 567w\" \/>\r\n                        <\/div><\/figure><figure class='gallery-item col col-auto'>\r\n                        <div class='gallery-icon portrait czr-gallery-icon'>\r\n                              <a data-lb-type=\"grouped-gallery\" href=https:\/\/irgendwasmitfarben.de\/wp-content\/uploads\/2025\/09\/angsthase.jpg class=\"bg-link\"><\/a><img loading=\"lazy\" width=\"209\" height=\"300\" src=\"https:\/\/irgendwasmitfarben.de\/wp-content\/uploads\/2025\/09\/angsthase-209x300.jpg\" class=\"attachment-medium size-medium\" alt=\"\" decoding=\"async\" sizes=\"(min-width: 1200px) 255px, (min-width: 992px) 210px, (min-width: 768px) 150px, (min-width: 576px) 105px, calc( 50vw - 30px )\" srcset=\"https:\/\/irgendwasmitfarben.de\/wp-content\/uploads\/2025\/09\/angsthase-209x300.jpg 209w, https:\/\/irgendwasmitfarben.de\/wp-content\/uploads\/2025\/09\/angsthase-712x1024.jpg 712w, https:\/\/irgendwasmitfarben.de\/wp-content\/uploads\/2025\/09\/angsthase-768x1104.jpg 768w, https:\/\/irgendwasmitfarben.de\/wp-content\/uploads\/2025\/09\/angsthase-1068x1536.jpg 1068w, https:\/\/irgendwasmitfarben.de\/wp-content\/uploads\/2025\/09\/angsthase-1424x2048.jpg 1424w, https:\/\/irgendwasmitfarben.de\/wp-content\/uploads\/2025\/09\/angsthase-570x820.jpg 570w, https:\/\/irgendwasmitfarben.de\/wp-content\/uploads\/2025\/09\/angsthase.jpg 1500w\" \/>\r\n                        <\/div><\/figure><figure class='gallery-item col col-auto'>\r\n                        <div class='gallery-icon portrait czr-gallery-icon'>\r\n                              <a data-lb-type=\"grouped-gallery\" href=https:\/\/irgendwasmitfarben.de\/wp-content\/uploads\/2025\/09\/abgekapselt.jpg class=\"bg-link\"><\/a><img loading=\"lazy\" width=\"201\" height=\"300\" src=\"https:\/\/irgendwasmitfarben.de\/wp-content\/uploads\/2025\/09\/abgekapselt-201x300.jpg\" class=\"attachment-medium size-medium\" alt=\"\" decoding=\"async\" sizes=\"(min-width: 1200px) 255px, (min-width: 992px) 210px, (min-width: 768px) 150px, (min-width: 576px) 105px, calc( 50vw - 30px )\" srcset=\"https:\/\/irgendwasmitfarben.de\/wp-content\/uploads\/2025\/09\/abgekapselt-201x300.jpg 201w, https:\/\/irgendwasmitfarben.de\/wp-content\/uploads\/2025\/09\/abgekapselt-687x1024.jpg 687w, https:\/\/irgendwasmitfarben.de\/wp-content\/uploads\/2025\/09\/abgekapselt-768x1144.jpg 768w, https:\/\/irgendwasmitfarben.de\/wp-content\/uploads\/2025\/09\/abgekapselt-570x849.jpg 570w, https:\/\/irgendwasmitfarben.de\/wp-content\/uploads\/2025\/09\/abgekapselt.jpg 1007w\" \/>\r\n                        <\/div><\/figure>\r\n                  <\/div>\n\t\t<\/div>\n\t\t\t\t\t\t<\/div>\n\t\t\t\t<\/div>\n\t\t\t\t\t<\/div>\n\t\t\t\t<\/div>\n\t\t\t\t<\/div>\n\t\t","protected":false},"excerpt":{"rendered":"<p>Malen mit Acrylfarben Malen mit Acrylfaben ist einfacher in der Verarbeitung als Malen mit \u00d6lfarben. Der Vor- oder jeweils Nachteil ist, dass sie z\u00fcgig trocknen. Daf\u00fcr sind sie mit Wasser verd\u00fcnnbar. Mix-Techniken Acrylfarben lassen sich gut mit Acrylsp\u00fchfarben mischen. Ebenfalls Pastellkreise kann man nach dem Trocknen gut einarbeiten.<\/p>\n","protected":false},"author":1,"featured_media":0,"parent":0,"menu_order":0,"comment_status":"closed","ping_status":"closed","template":"","meta":{"footnotes":""},"yoast_head":"<!-- This site is optimized with the Yoast SEO plugin v21.3 - https:\/\/yoast.com\/wordpress\/plugins\/seo\/ -->\n<title>Malerei - Irgendwas mit Farben -<\/title>\n<meta name=\"robots\" content=\"index, follow, max-snippet:-1, max-image-preview:large, max-video-preview:-1\" \/>\n<link rel=\"canonical\" href=\"http:\/\/irgendwasmitfarben.de\/?page_id=23\" \/>\n<meta property=\"og:locale\" content=\"de_DE\" \/>\n<meta property=\"og:type\" content=\"article\" \/>\n<meta property=\"og:title\" content=\"Malerei - Irgendwas mit Farben -\" \/>\n<meta property=\"og:description\" content=\"Malen mit Acrylfarben Malen mit Acrylfaben ist einfacher in der Verarbeitung als Malen mit \u00d6lfarben. Der Vor- oder jeweils Nachteil ist, dass sie z\u00fcgig trocknen. Daf\u00fcr sind sie mit Wasser verd\u00fcnnbar. Mix-Techniken Acrylfarben lassen sich gut mit Acrylsp\u00fchfarben mischen. Ebenfalls Pastellkreise kann man nach dem Trocknen gut einarbeiten.\" \/>\n<meta property=\"og:url\" content=\"http:\/\/irgendwasmitfarben.de\/?page_id=23\" \/>\n<meta property=\"og:site_name\" content=\"Irgendwas mit Farben -\" \/>\n<meta property=\"article:modified_time\" content=\"2025-09-07T15:14:15+00:00\" \/>\n<meta property=\"og:image\" content=\"http:\/\/irgendwasmitfarben.de\/wp-content\/uploads\/2025\/09\/wildbeauty-300x205.jpg\" \/>\n<meta name=\"twitter:card\" content=\"summary_large_image\" \/>\n<meta name=\"twitter:label1\" content=\"Gesch\u00e4tzte Lesezeit\" \/>\n\t<meta name=\"twitter:data1\" content=\"2\u00a0Minuten\" \/>\n<script type=\"application\/ld+json\" class=\"yoast-schema-graph\">{\"@context\":\"https:\/\/schema.org\",\"@graph\":[{\"@type\":\"WebPage\",\"@id\":\"http:\/\/irgendwasmitfarben.de\/?page_id=23\",\"url\":\"http:\/\/irgendwasmitfarben.de\/?page_id=23\",\"name\":\"Malerei - Irgendwas mit Farben -\",\"isPartOf\":{\"@id\":\"https:\/\/irgendwasmitfarben.de\/#website\"},\"datePublished\":\"2023-10-14T18:10:51+00:00\",\"dateModified\":\"2025-09-07T15:14:15+00:00\",\"breadcrumb\":{\"@id\":\"http:\/\/irgendwasmitfarben.de\/?page_id=23#breadcrumb\"},\"inLanguage\":\"de\",\"potentialAction\":[{\"@type\":\"ReadAction\",\"target\":[\"http:\/\/irgendwasmitfarben.de\/?page_id=23\"]}]},{\"@type\":\"BreadcrumbList\",\"@id\":\"http:\/\/irgendwasmitfarben.de\/?page_id=23#breadcrumb\",\"itemListElement\":[{\"@type\":\"ListItem\",\"position\":1,\"name\":\"Startseite\",\"item\":\"https:\/\/irgendwasmitfarben.de\/\"},{\"@type\":\"ListItem\",\"position\":2,\"name\":\"Malerei\"}]},{\"@type\":\"WebSite\",\"@id\":\"https:\/\/irgendwasmitfarben.de\/#website\",\"url\":\"https:\/\/irgendwasmitfarben.de\/\",\"name\":\"Irgendwas mit Farben -\",\"description\":\"von Patrizia Hernacki\",\"publisher\":{\"@id\":\"https:\/\/irgendwasmitfarben.de\/#organization\"},\"potentialAction\":[{\"@type\":\"SearchAction\",\"target\":{\"@type\":\"EntryPoint\",\"urlTemplate\":\"https:\/\/irgendwasmitfarben.de\/?s={search_term_string}\"},\"query-input\":\"required name=search_term_string\"}],\"inLanguage\":\"de\"},{\"@type\":\"Organization\",\"@id\":\"https:\/\/irgendwasmitfarben.de\/#organization\",\"name\":\"Irgendwas mit Farben -\",\"url\":\"https:\/\/irgendwasmitfarben.de\/\",\"logo\":{\"@type\":\"ImageObject\",\"inLanguage\":\"de\",\"@id\":\"https:\/\/irgendwasmitfarben.de\/#\/schema\/logo\/image\/\",\"url\":\"https:\/\/irgendwasmitfarben.de\/wp-content\/uploads\/2019\/03\/cropped-irgendwasmitfarben-logo-1.jpg\",\"contentUrl\":\"https:\/\/irgendwasmitfarben.de\/wp-content\/uploads\/2019\/03\/cropped-irgendwasmitfarben-logo-1.jpg\",\"width\":467,\"height\":88,\"caption\":\"Irgendwas mit Farben - \"},\"image\":{\"@id\":\"https:\/\/irgendwasmitfarben.de\/#\/schema\/logo\/image\/\"}}]}<\/script>\n<!-- \/ Yoast SEO plugin. -->","yoast_head_json":{"title":"Malerei - Irgendwas mit Farben -","robots":{"index":"index","follow":"follow","max-snippet":"max-snippet:-1","max-image-preview":"max-image-preview:large","max-video-preview":"max-video-preview:-1"},"canonical":"http:\/\/irgendwasmitfarben.de\/?page_id=23","og_locale":"de_DE","og_type":"article","og_title":"Malerei - Irgendwas mit Farben -","og_description":"Malen mit Acrylfarben Malen mit Acrylfaben ist einfacher in der Verarbeitung als Malen mit \u00d6lfarben. Der Vor- oder jeweils Nachteil ist, dass sie z\u00fcgig trocknen. Daf\u00fcr sind sie mit Wasser verd\u00fcnnbar. Mix-Techniken Acrylfarben lassen sich gut mit Acrylsp\u00fchfarben mischen. Ebenfalls Pastellkreise kann man nach dem Trocknen gut einarbeiten.","og_url":"http:\/\/irgendwasmitfarben.de\/?page_id=23","og_site_name":"Irgendwas mit Farben -","article_modified_time":"2025-09-07T15:14:15+00:00","og_image":[{"url":"http:\/\/irgendwasmitfarben.de\/wp-content\/uploads\/2025\/09\/wildbeauty-300x205.jpg"}],"twitter_card":"summary_large_image","twitter_misc":{"Gesch\u00e4tzte Lesezeit":"2\u00a0Minuten"},"schema":{"@context":"https:\/\/schema.org","@graph":[{"@type":"WebPage","@id":"http:\/\/irgendwasmitfarben.de\/?page_id=23","url":"http:\/\/irgendwasmitfarben.de\/?page_id=23","name":"Malerei - Irgendwas mit Farben -","isPartOf":{"@id":"https:\/\/irgendwasmitfarben.de\/#website"},"datePublished":"2023-10-14T18:10:51+00:00","dateModified":"2025-09-07T15:14:15+00:00","breadcrumb":{"@id":"http:\/\/irgendwasmitfarben.de\/?page_id=23#breadcrumb"},"inLanguage":"de","potentialAction":[{"@type":"ReadAction","target":["http:\/\/irgendwasmitfarben.de\/?page_id=23"]}]},{"@type":"BreadcrumbList","@id":"http:\/\/irgendwasmitfarben.de\/?page_id=23#breadcrumb","itemListElement":[{"@type":"ListItem","position":1,"name":"Startseite","item":"https:\/\/irgendwasmitfarben.de\/"},{"@type":"ListItem","position":2,"name":"Malerei"}]},{"@type":"WebSite","@id":"https:\/\/irgendwasmitfarben.de\/#website","url":"https:\/\/irgendwasmitfarben.de\/","name":"Irgendwas mit Farben -","description":"von Patrizia Hernacki","publisher":{"@id":"https:\/\/irgendwasmitfarben.de\/#organization"},"potentialAction":[{"@type":"SearchAction","target":{"@type":"EntryPoint","urlTemplate":"https:\/\/irgendwasmitfarben.de\/?s={search_term_string}"},"query-input":"required name=search_term_string"}],"inLanguage":"de"},{"@type":"Organization","@id":"https:\/\/irgendwasmitfarben.de\/#organization","name":"Irgendwas mit Farben -","url":"https:\/\/irgendwasmitfarben.de\/","logo":{"@type":"ImageObject","inLanguage":"de","@id":"https:\/\/irgendwasmitfarben.de\/#\/schema\/logo\/image\/","url":"https:\/\/irgendwasmitfarben.de\/wp-content\/uploads\/2019\/03\/cropped-irgendwasmitfarben-logo-1.jpg","contentUrl":"https:\/\/irgendwasmitfarben.de\/wp-content\/uploads\/2019\/03\/cropped-irgendwasmitfarben-logo-1.jpg","width":467,"height":88,"caption":"Irgendwas mit Farben - "},"image":{"@id":"https:\/\/irgendwasmitfarben.de\/#\/schema\/logo\/image\/"}}]}},"_links":{"self":[{"href":"https:\/\/irgendwasmitfarben.de\/index.php?rest_route=\/wp\/v2\/pages\/23"}],"collection":[{"href":"https:\/\/irgendwasmitfarben.de\/index.php?rest_route=\/wp\/v2\/pages"}],"about":[{"href":"https:\/\/irgendwasmitfarben.de\/index.php?rest_route=\/wp\/v2\/types\/page"}],"author":[{"embeddable":true,"href":"https:\/\/irgendwasmitfarben.de\/index.php?rest_route=\/wp\/v2\/users\/1"}],"replies":[{"embeddable":true,"href":"https:\/\/irgendwasmitfarben.de\/index.php?rest_route=%2Fwp%2Fv2%2Fcomments&post=23"}],"version-history":[{"count":28,"href":"https:\/\/irgendwasmitfarben.de\/index.php?rest_route=\/wp\/v2\/pages\/23\/revisions"}],"predecessor-version":[{"id":244,"href":"https:\/\/irgendwasmitfarben.de\/index.php?rest_route=\/wp\/v2\/pages\/23\/revisions\/244"}],"wp:attachment":[{"href":"https:\/\/irgendwasmitfarben.de\/index.php?rest_route=%2Fwp%2Fv2%2Fmedia&parent=23"}],"curies":[{"name":"wp","href":"https:\/\/api.w.org\/{rel}","templated":true}]}}