{"id":22,"date":"2023-10-14T18:10:51","date_gmt":"2023-10-14T18:10:51","guid":{"rendered":"http:\/\/irgendwasmitfarben.de\/?page_id=22"},"modified":"2023-10-15T14:23:55","modified_gmt":"2023-10-15T14:23:55","slug":"ueber-farben","status":"publish","type":"page","link":"https:\/\/irgendwasmitfarben.de\/?page_id=22","title":{"rendered":"\u00dcber Farben"},"content":{"rendered":"\n<p>Farben sind anziehend oder absto\u00dfend. Sie halfen unseren Vorfahren auf der Suche nach Essbarem. Wir assoziieren mit Farben bestimmte Objekte, Stimmungen und Aussagen. So kann die Farbe Rot z.B. Achtung oder Vorsicht kommunizieren. Je nach Kontext kann auch Rot als s\u00fc\u00df, reif und lecker verstanden werden. Im Gegenzug kann Gr\u00fcn als unreif oder giftig gelten.\u00a0<\/p>\n\n\n\n<p>Farben k\u00f6nnen auch beruhigen, wie z.B. zarte Pastellt\u00f6ne in gr\u00fcn oder blau.<\/p>\n","protected":false},"excerpt":{"rendered":"<p>Farben sind anziehend oder absto\u00dfend. Sie halfen unseren Vorfahren auf der Suche nach Essbarem. Wir assoziieren mit Farben bestimmte Objekte, Stimmungen und Aussagen. So kann die Farbe Rot z.B. Achtung oder Vorsicht kommunizieren. Je nach Kontext kann auch Rot als s\u00fc\u00df, reif und lecker verstanden werden. Im Gegenzug kann Gr\u00fcn als unreif oder giftig gelten.\u00a0 [&hellip;]<\/p>\n","protected":false},"author":1,"featured_media":0,"parent":0,"menu_order":0,"comment_status":"closed","ping_status":"closed","template":"","meta":{"footnotes":""},"yoast_head":"<!-- This site is optimized with the Yoast SEO plugin v21.3 - https:\/\/yoast.com\/wordpress\/plugins\/seo\/ -->\n<title>\u00dcber Farben - Irgendwas mit Farben -<\/title>\n<meta name=\"robots\" content=\"index, follow, max-snippet:-1, max-image-preview:large, max-video-preview:-1\" \/>\n<link rel=\"canonical\" href=\"http:\/\/irgendwasmitfarben.de\/?page_id=22\" \/>\n<meta property=\"og:locale\" content=\"de_DE\" \/>\n<meta property=\"og:type\" content=\"article\" \/>\n<meta property=\"og:title\" content=\"\u00dcber Farben - Irgendwas mit Farben -\" \/>\n<meta property=\"og:description\" content=\"Farben sind anziehend oder absto\u00dfend. Sie halfen unseren Vorfahren auf der Suche nach Essbarem. Wir assoziieren mit Farben bestimmte Objekte, Stimmungen und Aussagen. So kann die Farbe Rot z.B. Achtung oder Vorsicht kommunizieren. Je nach Kontext kann auch Rot als s\u00fc\u00df, reif und lecker verstanden werden. Im Gegenzug kann Gr\u00fcn als unreif oder giftig gelten.\u00a0 [&hellip;]\" \/>\n<meta property=\"og:url\" content=\"http:\/\/irgendwasmitfarben.de\/?page_id=22\" \/>\n<meta property=\"og:site_name\" content=\"Irgendwas mit Farben -\" \/>\n<meta property=\"article:modified_time\" content=\"2023-10-15T14:23:55+00:00\" \/>\n<meta name=\"twitter:card\" content=\"summary_large_image\" \/>\n<meta name=\"twitter:label1\" content=\"Gesch\u00e4tzte Lesezeit\" \/>\n\t<meta name=\"twitter:data1\" content=\"1\u00a0Minute\" \/>\n<script type=\"application\/ld+json\" class=\"yoast-schema-graph\">{\"@context\":\"https:\/\/schema.org\",\"@graph\":[{\"@type\":\"WebPage\",\"@id\":\"http:\/\/irgendwasmitfarben.de\/?page_id=22\",\"url\":\"http:\/\/irgendwasmitfarben.de\/?page_id=22\",\"name\":\"\u00dcber Farben - Irgendwas mit Farben -\",\"isPartOf\":{\"@id\":\"https:\/\/irgendwasmitfarben.de\/#website\"},\"datePublished\":\"2023-10-14T18:10:51+00:00\",\"dateModified\":\"2023-10-15T14:23:55+00:00\",\"breadcrumb\":{\"@id\":\"http:\/\/irgendwasmitfarben.de\/?page_id=22#breadcrumb\"},\"inLanguage\":\"de\",\"potentialAction\":[{\"@type\":\"ReadAction\",\"target\":[\"http:\/\/irgendwasmitfarben.de\/?page_id=22\"]}]},{\"@type\":\"BreadcrumbList\",\"@id\":\"http:\/\/irgendwasmitfarben.de\/?page_id=22#breadcrumb\",\"itemListElement\":[{\"@type\":\"ListItem\",\"position\":1,\"name\":\"Startseite\",\"item\":\"https:\/\/irgendwasmitfarben.de\/\"},{\"@type\":\"ListItem\",\"position\":2,\"name\":\"\u00dcber Farben\"}]},{\"@type\":\"WebSite\",\"@id\":\"https:\/\/irgendwasmitfarben.de\/#website\",\"url\":\"https:\/\/irgendwasmitfarben.de\/\",\"name\":\"Irgendwas mit Farben -\",\"description\":\"von Patrizia Hernacki\",\"publisher\":{\"@id\":\"https:\/\/irgendwasmitfarben.de\/#organization\"},\"potentialAction\":[{\"@type\":\"SearchAction\",\"target\":{\"@type\":\"EntryPoint\",\"urlTemplate\":\"https:\/\/irgendwasmitfarben.de\/?s={search_term_string}\"},\"query-input\":\"required name=search_term_string\"}],\"inLanguage\":\"de\"},{\"@type\":\"Organization\",\"@id\":\"https:\/\/irgendwasmitfarben.de\/#organization\",\"name\":\"Irgendwas mit Farben -\",\"url\":\"https:\/\/irgendwasmitfarben.de\/\",\"logo\":{\"@type\":\"ImageObject\",\"inLanguage\":\"de\",\"@id\":\"https:\/\/irgendwasmitfarben.de\/#\/schema\/logo\/image\/\",\"url\":\"https:\/\/irgendwasmitfarben.de\/wp-content\/uploads\/2019\/03\/cropped-irgendwasmitfarben-logo-1.jpg\",\"contentUrl\":\"https:\/\/irgendwasmitfarben.de\/wp-content\/uploads\/2019\/03\/cropped-irgendwasmitfarben-logo-1.jpg\",\"width\":467,\"height\":88,\"caption\":\"Irgendwas mit Farben - \"},\"image\":{\"@id\":\"https:\/\/irgendwasmitfarben.de\/#\/schema\/logo\/image\/\"}}]}<\/script>\n<!-- \/ Yoast SEO plugin. -->","yoast_head_json":{"title":"\u00dcber Farben - Irgendwas mit Farben -","robots":{"index":"index","follow":"follow","max-snippet":"max-snippet:-1","max-image-preview":"max-image-preview:large","max-video-preview":"max-video-preview:-1"},"canonical":"http:\/\/irgendwasmitfarben.de\/?page_id=22","og_locale":"de_DE","og_type":"article","og_title":"\u00dcber Farben - Irgendwas mit Farben -","og_description":"Farben sind anziehend oder absto\u00dfend. Sie halfen unseren Vorfahren auf der Suche nach Essbarem. Wir assoziieren mit Farben bestimmte Objekte, Stimmungen und Aussagen. So kann die Farbe Rot z.B. Achtung oder Vorsicht kommunizieren. Je nach Kontext kann auch Rot als s\u00fc\u00df, reif und lecker verstanden werden. Im Gegenzug kann Gr\u00fcn als unreif oder giftig gelten.\u00a0 [&hellip;]","og_url":"http:\/\/irgendwasmitfarben.de\/?page_id=22","og_site_name":"Irgendwas mit Farben -","article_modified_time":"2023-10-15T14:23:55+00:00","twitter_card":"summary_large_image","twitter_misc":{"Gesch\u00e4tzte Lesezeit":"1\u00a0Minute"},"schema":{"@context":"https:\/\/schema.org","@graph":[{"@type":"WebPage","@id":"http:\/\/irgendwasmitfarben.de\/?page_id=22","url":"http:\/\/irgendwasmitfarben.de\/?page_id=22","name":"\u00dcber Farben - Irgendwas mit Farben -","isPartOf":{"@id":"https:\/\/irgendwasmitfarben.de\/#website"},"datePublished":"2023-10-14T18:10:51+00:00","dateModified":"2023-10-15T14:23:55+00:00","breadcrumb":{"@id":"http:\/\/irgendwasmitfarben.de\/?page_id=22#breadcrumb"},"inLanguage":"de","potentialAction":[{"@type":"ReadAction","target":["http:\/\/irgendwasmitfarben.de\/?page_id=22"]}]},{"@type":"BreadcrumbList","@id":"http:\/\/irgendwasmitfarben.de\/?page_id=22#breadcrumb","itemListElement":[{"@type":"ListItem","position":1,"name":"Startseite","item":"https:\/\/irgendwasmitfarben.de\/"},{"@type":"ListItem","position":2,"name":"\u00dcber Farben"}]},{"@type":"WebSite","@id":"https:\/\/irgendwasmitfarben.de\/#website","url":"https:\/\/irgendwasmitfarben.de\/","name":"Irgendwas mit Farben -","description":"von Patrizia Hernacki","publisher":{"@id":"https:\/\/irgendwasmitfarben.de\/#organization"},"potentialAction":[{"@type":"SearchAction","target":{"@type":"EntryPoint","urlTemplate":"https:\/\/irgendwasmitfarben.de\/?s={search_term_string}"},"query-input":"required name=search_term_string"}],"inLanguage":"de"},{"@type":"Organization","@id":"https:\/\/irgendwasmitfarben.de\/#organization","name":"Irgendwas mit Farben -","url":"https:\/\/irgendwasmitfarben.de\/","logo":{"@type":"ImageObject","inLanguage":"de","@id":"https:\/\/irgendwasmitfarben.de\/#\/schema\/logo\/image\/","url":"https:\/\/irgendwasmitfarben.de\/wp-content\/uploads\/2019\/03\/cropped-irgendwasmitfarben-logo-1.jpg","contentUrl":"https:\/\/irgendwasmitfarben.de\/wp-content\/uploads\/2019\/03\/cropped-irgendwasmitfarben-logo-1.jpg","width":467,"height":88,"caption":"Irgendwas mit Farben - "},"image":{"@id":"https:\/\/irgendwasmitfarben.de\/#\/schema\/logo\/image\/"}}]}},"_links":{"self":[{"href":"https:\/\/irgendwasmitfarben.de\/index.php?rest_route=\/wp\/v2\/pages\/22"}],"collection":[{"href":"https:\/\/irgendwasmitfarben.de\/index.php?rest_route=\/wp\/v2\/pages"}],"about":[{"href":"https:\/\/irgendwasmitfarben.de\/index.php?rest_route=\/wp\/v2\/types\/page"}],"author":[{"embeddable":true,"href":"https:\/\/irgendwasmitfarben.de\/index.php?rest_route=\/wp\/v2\/users\/1"}],"replies":[{"embeddable":true,"href":"https:\/\/irgendwasmitfarben.de\/index.php?rest_route=%2Fwp%2Fv2%2Fcomments&post=22"}],"version-history":[{"count":16,"href":"https:\/\/irgendwasmitfarben.de\/index.php?rest_route=\/wp\/v2\/pages\/22\/revisions"}],"predecessor-version":[{"id":208,"href":"https:\/\/irgendwasmitfarben.de\/index.php?rest_route=\/wp\/v2\/pages\/22\/revisions\/208"}],"wp:attachment":[{"href":"https:\/\/irgendwasmitfarben.de\/index.php?rest_route=%2Fwp%2Fv2%2Fmedia&parent=22"}],"curies":[{"name":"wp","href":"https:\/\/api.w.org\/{rel}","templated":true}]}}